{"id":1543,"date":"2026-04-10T21:32:30","date_gmt":"2026-04-11T00:32:30","guid":{"rendered":"http:\/\/newsite.local\/?page_id=1543"},"modified":"2026-04-20T07:24:23","modified_gmt":"2026-04-20T10:24:23","slug":"redacao-bw360-educacao","status":"publish","type":"page","link":"https:\/\/bw360.com.br\/educacao\/redacao-bw360-educacao\/","title":{"rendered":"Reda\u00e7\u00e3o BW360 Educa\u00e7\u00e3o: Colabora\u00e7\u00e3o e Sugest\u00e3o de Pautas"},"content":{"rendered":"\t\t<div data-elementor-type=\"wp-page\" data-elementor-id=\"1543\" class=\"elementor elementor-1543\" data-elementor-post-type=\"page\">\n\t\t\t\t<div class=\"elementor-element elementor-element-472edf3 e-flex e-con-boxed e-con e-parent\" data-id=\"472edf3\" data-element_type=\"container\" data-e-type=\"container\">\n\t\t\t\t\t<div class=\"e-con-inner\">\n\t\t<div class=\"elementor-element elementor-element-256e63a e-con-full e-flex e-con e-child\" data-id=\"256e63a\" data-element_type=\"container\" data-e-type=\"container\" data-settings=\"{&quot;background_background&quot;:&quot;classic&quot;}\">\n\t\t\t\t<div class=\"elementor-element elementor-element-07741c5 elementor-widget elementor-widget-heading\" data-id=\"07741c5\" data-element_type=\"widget\" data-e-type=\"widget\" data-widget_type=\"heading.default\">\n\t\t\t\t\t<h1 class=\"elementor-heading-title elementor-size-default\">Reda\u00e7\u00e3o BW360 Educa\u00e7\u00e3o: Colabora\u00e7\u00e3o e Sugest\u00e3o de Pautas<\/h1>\t\t\t\t<\/div>\n\t\t\t\t<\/div>\n\t\t\t\t<div class=\"elementor-element elementor-element-b158819 elementor-widget__width-inherit elementor-widget elementor-widget-heading\" data-id=\"b158819\" data-element_type=\"widget\" data-e-type=\"widget\" data-widget_type=\"heading.default\">\n\t\t\t\t\t<h2 class=\"elementor-heading-title elementor-size-default\">Reda\u00e7\u00e3o BW360 Educa\u00e7\u00e3o: Sua Voz Constr\u00f3i o Futuro<\/h2>\t\t\t\t<\/div>\n\t\t\t\t<div class=\"elementor-element elementor-element-7b4fd91 elementor-widget__width-inherit elementor-widget elementor-widget-text-editor\" data-id=\"7b4fd91\" data-element_type=\"widget\" data-e-type=\"widget\" data-widget_type=\"text-editor.default\">\n\t\t\t\t\t\t\t\t\t<p>Bem-vindo ao canal oficial de colabora\u00e7\u00e3o da BW360 Educa\u00e7\u00e3o. Acreditamos que a intelig\u00eancia educacional se constr\u00f3i atrav\u00e9s da uni\u00e3o entre a expertise t\u00e9cnica e a viv\u00eancia real da comunidade escolar de Santo Andr\u00e9 e regi\u00e3o.<\/p><p>Este \u00e9 o espa\u00e7o dedicado a pais, educadores, especialistas e transportadores que desejam contribuir para um portal mais informativo, seguro e humano.<\/p>\t\t\t\t\t\t\t\t<\/div>\n\t\t\t\t<div class=\"elementor-element elementor-element-9484069 elementor-widget__width-inherit elementor-widget elementor-widget-text-editor\" data-id=\"9484069\" data-element_type=\"widget\" data-e-type=\"widget\" data-widget_type=\"text-editor.default\">\n\t\t\t\t\t\t\t\t\t<h4>Como voc\u00ea pode participar hoje?<\/h4><ul><li><strong>Sugest\u00e3o de Pauta:<\/strong> Viu algo relevante na porta da escola, um problema de log\u00edstica no bairro ou uma d\u00favida pedag\u00f3gica que ningu\u00e9m respondeu? Envie sua ideia. Nossa reda\u00e7\u00e3o analisa cada sugest\u00e3o para transformar d\u00favidas em guias pr\u00e1ticos.<\/li><li><strong>Envio de Colabora\u00e7\u00f5es e Respostas:<\/strong> Se voc\u00ea foi convidado por nossa equipe ou \u00e9 um especialista parceiro, utilize este canal para enviar seus textos, artigos de revis\u00e3o ou depoimentos para os conte\u00fados em produ\u00e7\u00e3o.<\/li><\/ul>\t\t\t\t\t\t\t\t<\/div>\n\t\t<div class=\"elementor-element elementor-element-dc1b55a e-con-full e-flex e-con e-child\" data-id=\"dc1b55a\" data-element_type=\"container\" data-e-type=\"container\" data-settings=\"{&quot;background_background&quot;:&quot;classic&quot;}\">\n\t\t\t\t<div class=\"elementor-element elementor-element-b43c91d elementor-widget__width-initial elementor-widget-tablet__width-inherit elementor-widget-mobile__width-inherit elementor-widget elementor-widget-text-editor\" data-id=\"b43c91d\" data-element_type=\"widget\" data-e-type=\"widget\" data-widget_type=\"text-editor.default\">\n\t\t\t\t\t\t\t\t\t<h4>Instru\u00e7\u00f5es para Envio<\/h4><ul><li><strong>Para Sugest\u00f5es:<\/strong> Seja breve e descreva o impacto do tema para a comunidade.<\/li><li><strong>Para Colaboradores:<\/strong> Certifique-se de que seus dados profissionais (CRP, CRM, OAB ou Registro Pedag\u00f3gico) estejam atualizados para a devida atribui\u00e7\u00e3o de autoridade no artigo.<\/li><li><strong>Importante:<\/strong> Ao enviar sua sugest\u00e3o ou colabora\u00e7\u00e3o, voc\u00ea declara estar ciente e de acordo com os nossos Termos de Participa\u00e7\u00e3o (Item 9), garantindo que sua contribui\u00e7\u00e3o \u00e9 volunt\u00e1ria, gratuita e sem v\u00ednculo contratual.<\/li><\/ul>\t\t\t\t\t\t\t\t<\/div>\n\t\t\t\t<div class=\"elementor-element elementor-element-3db53bf elementor-widget__width-initial elementor-widget-tablet__width-inherit elementor-button-align-stretch elementor-widget elementor-widget-form\" data-id=\"3db53bf\" data-element_type=\"widget\" data-e-type=\"widget\" data-settings=\"{&quot;step_next_label&quot;:&quot;Next&quot;,&quot;step_previous_label&quot;:&quot;Previous&quot;,&quot;button_width&quot;:&quot;100&quot;,&quot;step_type&quot;:&quot;number_text&quot;,&quot;step_icon_shape&quot;:&quot;circle&quot;}\" data-widget_type=\"form.default\">\n\t\t\t\t\t\t\t<form class=\"elementor-form\" method=\"post\" name=\"New Form\" aria-label=\"New Form\">\n\t\t\t<input type=\"hidden\" name=\"post_id\" value=\"1543\"\/>\n\t\t\t<input type=\"hidden\" name=\"form_id\" value=\"3db53bf\"\/>\n\t\t\t<input type=\"hidden\" name=\"referer_title\" value=\"Reda\u00e7\u00e3o BW360 Educa\u00e7\u00e3o: Colabora\u00e7\u00e3o e Sugest\u00e3o de Pautas\" \/>\n\n\t\t\t\t\t\t\t<input type=\"hidden\" name=\"queried_id\" value=\"1543\"\/>\n\t\t\t\n\t\t\t<div class=\"elementor-form-fields-wrapper elementor-labels-above\">\n\t\t\t\t\t\t\t\t<div class=\"elementor-field-type-text elementor-field-group elementor-column elementor-field-group-name elementor-col-33 elementor-field-required elementor-mark-required\">\n\t\t\t\t\t\t\t\t\t\t\t\t<label for=\"form-field-name\" class=\"elementor-field-label\">\n\t\t\t\t\t\t\t\tNome Completo\t\t\t\t\t\t\t<\/label>\n\t\t\t\t\t\t\t\t\t\t\t\t\t\t<input size=\"1\" type=\"text\" name=\"form_fields[name]\" id=\"form-field-name\" class=\"elementor-field elementor-size-sm  elementor-field-textual\" required=\"required\">\n\t\t\t\t\t\t\t\t\t\t\t<\/div>\n\t\t\t\t\t\t\t\t<div class=\"elementor-field-type-email elementor-field-group elementor-column elementor-field-group-email elementor-col-33 elementor-field-required elementor-mark-required\">\n\t\t\t\t\t\t\t\t\t\t\t\t<label for=\"form-field-email\" class=\"elementor-field-label\">\n\t\t\t\t\t\t\t\tE-mail\t\t\t\t\t\t\t<\/label>\n\t\t\t\t\t\t\t\t\t\t\t\t\t\t<input size=\"1\" type=\"email\" name=\"form_fields[email]\" id=\"form-field-email\" class=\"elementor-field elementor-size-sm  elementor-field-textual\" required=\"required\">\n\t\t\t\t\t\t\t\t\t\t\t<\/div>\n\t\t\t\t\t\t\t\t<div class=\"elementor-field-type-number elementor-field-group elementor-column elementor-field-group-field_db44726 elementor-col-33 elementor-field-required elementor-mark-required\">\n\t\t\t\t\t\t\t\t\t\t\t\t<label for=\"form-field-field_db44726\" class=\"elementor-field-label\">\n\t\t\t\t\t\t\t\tCelular\t\t\t\t\t\t\t<\/label>\n\t\t\t\t\t\t\t\t\t<input type=\"number\" name=\"form_fields[field_db44726]\" id=\"form-field-field_db44726\" class=\"elementor-field elementor-size-sm  elementor-field-textual\" required=\"required\" min=\"\" max=\"\" >\n\t\t\t\t\t\t<\/div>\n\t\t\t\t\t\t\t\t<div class=\"elementor-field-type-text elementor-field-group elementor-column elementor-field-group-field_708f81e elementor-col-33 elementor-field-required elementor-mark-required\">\n\t\t\t\t\t\t\t\t\t\t\t\t<label for=\"form-field-field_708f81e\" class=\"elementor-field-label\">\n\t\t\t\t\t\t\t\tProfiss\u00e3o\t\t\t\t\t\t\t<\/label>\n\t\t\t\t\t\t\t\t\t\t\t\t\t\t<input size=\"1\" type=\"text\" name=\"form_fields[field_708f81e]\" id=\"form-field-field_708f81e\" class=\"elementor-field elementor-size-sm  elementor-field-textual\" required=\"required\">\n\t\t\t\t\t\t\t\t\t\t\t<\/div>\n\t\t\t\t\t\t\t\t<div class=\"elementor-field-type-text elementor-field-group elementor-column elementor-field-group-field_597d582 elementor-col-33\">\n\t\t\t\t\t\t\t\t\t\t\t\t<label for=\"form-field-field_597d582\" class=\"elementor-field-label\">\n\t\t\t\t\t\t\t\tRegistro\t\t\t\t\t\t\t<\/label>\n\t\t\t\t\t\t\t\t\t\t\t\t\t\t<input size=\"1\" type=\"text\" name=\"form_fields[field_597d582]\" id=\"form-field-field_597d582\" class=\"elementor-field elementor-size-sm  elementor-field-textual\" placeholder=\"CRM, CRN, Etc...\">\n\t\t\t\t\t\t\t\t\t\t\t<\/div>\n\t\t\t\t\t\t\t\t<div class=\"elementor-field-type-upload elementor-field-group elementor-column elementor-field-group-field_ae56506 elementor-col-33\">\n\t\t\t\t\t\t\t\t\t\t\t\t<label for=\"form-field-field_ae56506\" class=\"elementor-field-label\">\n\t\t\t\t\t\t\t\tRegistro\t\t\t\t\t\t\t<\/label>\n\t\t\t\t\t\t\t\t<input type=\"file\" name=\"form_fields[field_ae56506]\" id=\"form-field-field_ae56506\" class=\"elementor-field elementor-size-sm  elementor-upload-field\">\n\n\t\t\t\t\t\t<\/div>\n\t\t\t\t\t\t\t\t<div class=\"elementor-field-type-select elementor-field-group elementor-column elementor-field-group-field_0df8553 elementor-col-50 elementor-field-required elementor-mark-required\">\n\t\t\t\t\t\t\t\t\t\t\t\t<label for=\"form-field-field_0df8553\" class=\"elementor-field-label\">\n\t\t\t\t\t\t\t\tPerfil\t\t\t\t\t\t\t<\/label>\n\t\t\t\t\t\t\t\t<div class=\"elementor-field elementor-select-wrapper remove-before \">\n\t\t\t<div class=\"select-caret-down-wrapper\">\n\t\t\t\t<svg aria-hidden=\"true\" class=\"e-font-icon-svg e-eicon-caret-down\" viewBox=\"0 0 571.4 571.4\" xmlns=\"http:\/\/www.w3.org\/2000\/svg\"><path d=\"M571 393Q571 407 561 418L311 668Q300 679 286 679T261 668L11 418Q0 407 0 393T11 368 36 357H536Q550 357 561 368T571 393Z\"><\/path><\/svg>\t\t\t<\/div>\n\t\t\t<select name=\"form_fields[field_0df8553]\" id=\"form-field-field_0df8553\" class=\"elementor-field-textual elementor-size-sm\" required=\"required\">\n\t\t\t\t\t\t\t\t\t<option value=\"Selecione uma op\u00e7\u00e3o\">Selecione uma op\u00e7\u00e3o<\/option>\n\t\t\t\t\t\t\t\t\t<option value=\"Educador\">Educador<\/option>\n\t\t\t\t\t\t\t\t\t<option value=\"Especialista de Sa\u00fade\">Especialista de Sa\u00fade<\/option>\n\t\t\t\t\t\t\t\t\t<option value=\"Pai\/Respons\u00e1vel\">Pai\/Respons\u00e1vel<\/option>\n\t\t\t\t\t\t\t\t\t<option value=\"Outros\">Outros<\/option>\n\t\t\t\t\t\t\t<\/select>\n\t\t<\/div>\n\t\t\t\t\t\t<\/div>\n\t\t\t\t\t\t\t\t<div class=\"elementor-field-type-select elementor-field-group elementor-column elementor-field-group-field_4016005 elementor-col-50 elementor-field-required elementor-mark-required\">\n\t\t\t\t\t\t\t\t\t\t\t\t<label for=\"form-field-field_4016005\" class=\"elementor-field-label\">\n\t\t\t\t\t\t\t\tTipo de Envio\t\t\t\t\t\t\t<\/label>\n\t\t\t\t\t\t\t\t<div class=\"elementor-field elementor-select-wrapper remove-before \">\n\t\t\t<div class=\"select-caret-down-wrapper\">\n\t\t\t\t<svg aria-hidden=\"true\" class=\"e-font-icon-svg e-eicon-caret-down\" viewBox=\"0 0 571.4 571.4\" xmlns=\"http:\/\/www.w3.org\/2000\/svg\"><path d=\"M571 393Q571 407 561 418L311 668Q300 679 286 679T261 668L11 418Q0 407 0 393T11 368 36 357H536Q550 357 561 368T571 393Z\"><\/path><\/svg>\t\t\t<\/div>\n\t\t\t<select name=\"form_fields[field_4016005]\" id=\"form-field-field_4016005\" class=\"elementor-field-textual elementor-size-sm\" required=\"required\">\n\t\t\t\t\t\t\t\t\t<option value=\"Selecione uma op\u00e7\u00e3o\">Selecione uma op\u00e7\u00e3o<\/option>\n\t\t\t\t\t\t\t\t\t<option value=\"Quero sugerir uma pauta nova\">Quero sugerir uma pauta nova<\/option>\n\t\t\t\t\t\t\t\t\t<option value=\"Quero enviar uma resposta\/artigo\">Quero enviar uma resposta\/artigo<\/option>\n\t\t\t\t\t\t\t<\/select>\n\t\t<\/div>\n\t\t\t\t\t\t<\/div>\n\t\t\t\t\t\t\t\t<div class=\"elementor-field-type-textarea elementor-field-group elementor-column elementor-field-group-message elementor-col-100 elementor-field-required elementor-mark-required\">\n\t\t\t\t\t\t\t\t\t\t\t\t<label for=\"form-field-message\" class=\"elementor-field-label\">\n\t\t\t\t\t\t\t\tMensagem\t\t\t\t\t\t\t<\/label>\n\t\t\t\t\t\t<textarea class=\"elementor-field-textual elementor-field  elementor-size-sm\" name=\"form_fields[message]\" id=\"form-field-message\" rows=\"4\" placeholder=\"Cole sua pauta ou Respostas de Artigos\" required=\"required\"><\/textarea>\t\t\t\t<\/div>\n\t\t\t\t\t\t\t\t<div class=\"elementor-field-type-recaptcha_v3 elementor-field-group elementor-column elementor-field-group-field_c2682ee elementor-col-100 recaptcha_v3-bottomright\">\n\t\t\t\t\t<div class=\"elementor-field\" id=\"form-field-field_c2682ee\"><div class=\"elementor-g-recaptcha\" data-sitekey=\"6LeM1ZosAAAAAA9u_Mmffl8EmV9sHnR1zRSrSScx\" data-type=\"v3\" data-action=\"Form\" data-badge=\"bottomright\" data-size=\"invisible\"><\/div><\/div>\t\t\t\t<\/div>\n\t\t\t\t\t\t\t\t<div class=\"elementor-field-type-acceptance elementor-field-group elementor-column elementor-field-group-field_3c0833c elementor-col-100 elementor-field-required elementor-mark-required\">\n\t\t\t\t\t\t\t<div class=\"elementor-field-subgroup\">\n\t\t\t<span class=\"elementor-field-option\">\n\t\t\t\t<input type=\"checkbox\" name=\"form_fields[field_3c0833c]\" id=\"form-field-field_3c0833c\" class=\"elementor-field elementor-size-sm  elementor-acceptance-field\" required=\"required\">\n\t\t\t\t<label for=\"form-field-field_3c0833c\">Li e aceito os\n<a href=\"https:\/\/bw360.com.br\/educacao\/termos-de-uso\/\" target=\"_blank\" style=\"color: #ff6600; font-weight: regular; text-decoration: underline;\">Termos de Uso<\/a> e \n<a href=\"https:\/\/bw360.com.br\/educacao\/politica-de-privacidade\/\" target=\"_blank\" style=\"color: #ff6600; font-weight: regular; text-decoration: underline;\">Pol\u00edticas de Privacidade<\/a> \ndo Portal BW360 Educa\u00e7\u00e3o. Estou ciente da obrigatoriedade de fornecer dados ver\u00eddicos e das condi\u00e7\u00f5es para manuten\u00e7\u00e3o e atualiza\u00e7\u00e3o do meu perfil. Autorizo o armazenamento, o processamento dos meus dados e o recebimento de comunica\u00e7\u00f5es da BW360 Educa\u00e7\u00e3o.<\/label>\t\t\t<\/span>\n\t\t<\/div>\n\t\t\t\t\t\t<\/div>\n\t\t\t\t\t\t\t\t<div class=\"elementor-field-group elementor-column elementor-field-type-submit elementor-col-100 e-form__buttons\">\n\t\t\t\t\t<button class=\"elementor-button elementor-size-sm\" type=\"submit\">\n\t\t\t\t\t\t<span class=\"elementor-button-content-wrapper\">\n\t\t\t\t\t\t\t\t\t\t\t\t\t\t\t\t\t\t\t\t\t\t<span class=\"elementor-button-text\">Enviar<\/span>\n\t\t\t\t\t\t\t\t\t\t\t\t\t<\/span>\n\t\t\t\t\t<\/button>\n\t\t\t\t<\/div>\n\t\t\t<\/div>\n\t\t<\/form>\n\t\t\t\t\t\t<\/div>\n\t\t\t\t<\/div>\n\t\t\t\t\t<\/div>\n\t\t\t\t<\/div>\n\t\t\t\t<\/div>\n\t\t","protected":false},"excerpt":{"rendered":"<p>Reda\u00e7\u00e3o BW360 Educa\u00e7\u00e3o: Sua Voz Constr\u00f3i o Futuro Bem-vindo ao canal oficial de colabora\u00e7\u00e3o da BW360 Educa\u00e7\u00e3o. Acreditamos que a intelig\u00eancia educacional se constr\u00f3i atrav\u00e9s da uni\u00e3o entre a expertise t\u00e9cnica e a viv\u00eancia real da comunidade escolar de Santo Andr\u00e9 e regi\u00e3o. Este \u00e9 o espa\u00e7o dedicado a pais, educadores, especialistas e transportadores que [&hellip;]<\/p>\n","protected":false},"author":1,"featured_media":1563,"parent":0,"menu_order":0,"comment_status":"closed","ping_status":"closed","template":"","meta":{"_seopress_robots_primary_cat":"","_seopress_titles_title":"Reda\u00e7\u00e3o e Colabora\u00e7\u00e3o | BW360 Educa\u00e7\u00e3o - Intelig\u00eancia Escolar %%sep%% %%sitetitle%%","_seopress_titles_desc":"Participe da Reda\u00e7\u00e3o BW360 Educa\u00e7\u00e3o. Envie sugest\u00f5es de pauta, relatos e artigos t\u00e9cnicos sobre o cen\u00e1rio escolar de Santo Andr\u00e9. Sua voz constr\u00f3i nossa autoridade.","_seopress_robots_index":"","footnotes":""},"class_list":["post-1543","page","type-page","status-publish","has-post-thumbnail"],"_links":{"self":[{"href":"https:\/\/bw360.com.br\/educacao\/wp-json\/wp\/v2\/pages\/1543","targetHints":{"allow":["GET"]}}],"collection":[{"href":"https:\/\/bw360.com.br\/educacao\/wp-json\/wp\/v2\/pages"}],"about":[{"href":"https:\/\/bw360.com.br\/educacao\/wp-json\/wp\/v2\/types\/page"}],"author":[{"embeddable":true,"href":"https:\/\/bw360.com.br\/educacao\/wp-json\/wp\/v2\/users\/1"}],"replies":[{"embeddable":true,"href":"https:\/\/bw360.com.br\/educacao\/wp-json\/wp\/v2\/comments?post=1543"}],"version-history":[{"count":25,"href":"https:\/\/bw360.com.br\/educacao\/wp-json\/wp\/v2\/pages\/1543\/revisions"}],"predecessor-version":[{"id":1700,"href":"https:\/\/bw360.com.br\/educacao\/wp-json\/wp\/v2\/pages\/1543\/revisions\/1700"}],"wp:featuredmedia":[{"embeddable":true,"href":"https:\/\/bw360.com.br\/educacao\/wp-json\/wp\/v2\/media\/1563"}],"wp:attachment":[{"href":"https:\/\/bw360.com.br\/educacao\/wp-json\/wp\/v2\/media?parent=1543"}],"curies":[{"name":"wp","href":"https:\/\/api.w.org\/{rel}","templated":true}]}}