{"id":851,"date":"2022-01-23T15:18:40","date_gmt":"2022-01-23T15:18:40","guid":{"rendered":"https:\/\/bw360.com.br\/?page_id=851"},"modified":"2022-01-23T15:18:40","modified_gmt":"2022-01-23T15:18:40","slug":"plataforma-para-e-commerce","status":"publish","type":"page","link":"https:\/\/bw360.com.br\/agencia\/plataforma-para-e-commerce\/","title":{"rendered":"Plataforma Tray Commerce"},"content":{"rendered":"\t\t<div data-elementor-type=\"wp-page\" data-elementor-id=\"851\" class=\"elementor elementor-851\" data-elementor-post-type=\"page\">\n\t\t\t\t<div class=\"elementor-element elementor-element-308402f1 e-con-full e-flex e-con e-parent\" data-id=\"308402f1\" data-element_type=\"container\" data-e-type=\"container\" data-settings=\"{&quot;background_background&quot;:&quot;classic&quot;,&quot;jet_parallax_layout_list&quot;:[]}\">\n\t\t<div class=\"elementor-element elementor-element-3f1793e3 e-con-full e-flex e-con e-child\" data-id=\"3f1793e3\" data-element_type=\"container\" data-e-type=\"container\" data-settings=\"{&quot;jet_parallax_layout_list&quot;:[]}\">\n\t\t\t\t<div class=\"elementor-element elementor-element-7cc49671 elementor-widget elementor-widget-heading\" data-id=\"7cc49671\" data-element_type=\"widget\" data-e-type=\"widget\" data-widget_type=\"heading.default\">\n\t\t\t\t<div class=\"elementor-widget-container\">\n\t\t\t\t\t<h1 class=\"elementor-heading-title elementor-size-default\">plataforma tray commerce<\/h1>\t\t\t\t<\/div>\n\t\t\t\t<\/div>\n\t\t\t\t<div class=\"elementor-element elementor-element-5dd9e2a elementor-align-center elementor-widget elementor-widget-button\" data-id=\"5dd9e2a\" data-element_type=\"widget\" data-e-type=\"widget\" data-widget_type=\"button.default\">\n\t\t\t\t<div class=\"elementor-widget-container\">\n\t\t\t\t\t\t\t\t\t<div class=\"elementor-button-wrapper\">\n\t\t\t\t\t<a class=\"elementor-button elementor-button-link elementor-size-sm elementor-animation-pulse\" href=\"https:\/\/bw360.com.br\/agencia\/contato\/\">\n\t\t\t\t\t\t<span class=\"elementor-button-content-wrapper\">\n\t\t\t\t\t\t\t\t\t<span class=\"elementor-button-text\">Fale com um especialista<\/span>\n\t\t\t\t\t<\/span>\n\t\t\t\t\t<\/a>\n\t\t\t\t<\/div>\n\t\t\t\t\t\t\t\t<\/div>\n\t\t\t\t<\/div>\n\t\t\t\t<\/div>\n\t\t\t\t<\/div>\n\t\t\t\t<section class=\"elementor-section elementor-top-section elementor-element elementor-element-c83ad27 elementor-section-boxed elementor-section-height-default elementor-section-height-default\" data-id=\"c83ad27\" data-element_type=\"section\" data-e-type=\"section\" data-settings=\"{&quot;jet_parallax_layout_list&quot;:[]}\">\n\t\t\t\t\t\t<div class=\"elementor-container elementor-column-gap-default\">\n\t\t\t\t\t<div class=\"elementor-column elementor-col-100 elementor-top-column elementor-element elementor-element-0d76fda\" data-id=\"0d76fda\" data-element_type=\"column\" data-e-type=\"column\">\n\t\t\t<div class=\"elementor-widget-wrap elementor-element-populated\">\n\t\t\t\t\t\t<div class=\"elementor-element elementor-element-8a985fd elementor-widget elementor-widget-jet-headline\" data-id=\"8a985fd\" data-element_type=\"widget\" data-e-type=\"widget\" data-widget_type=\"jet-headline.default\">\n\t\t\t\t<div class=\"elementor-widget-container\">\n\t\t\t\t\t<h2 class=\"jet-headline jet-headline--direction-horizontal\"><span class=\"jet-headline__part jet-headline__first\"><span class=\"jet-headline__label\">Tray<\/span><\/span><span class=\"jet-headline__space\">&nbsp;<\/span><span class=\"jet-headline__part jet-headline__second\"><span class=\"jet-headline__label\">Plataforma para e-commerce<\/span><\/span><\/h2>\t\t\t\t<\/div>\n\t\t\t\t<\/div>\n\t\t\t\t<section class=\"elementor-section elementor-inner-section elementor-element elementor-element-171119e elementor-reverse-tablet elementor-reverse-mobile elementor-section-boxed elementor-section-height-default elementor-section-height-default\" data-id=\"171119e\" data-element_type=\"section\" data-e-type=\"section\" data-settings=\"{&quot;jet_parallax_layout_list&quot;:[]}\">\n\t\t\t\t\t\t<div class=\"elementor-container elementor-column-gap-default\">\n\t\t\t\t\t<div class=\"elementor-column elementor-col-50 elementor-inner-column elementor-element elementor-element-a5ca6bb\" data-id=\"a5ca6bb\" data-element_type=\"column\" data-e-type=\"column\">\n\t\t\t<div class=\"elementor-widget-wrap elementor-element-populated\">\n\t\t\t\t\t\t<div class=\"elementor-element elementor-element-ebc9f7b elementor-widget elementor-widget-text-editor\" data-id=\"ebc9f7b\" data-element_type=\"widget\" data-e-type=\"widget\" data-widget_type=\"text-editor.default\">\n\t\t\t\t<div class=\"elementor-widget-container\">\n\t\t\t\t\t\t\t\t\t<p><span data-contrast=\"auto\"><strong>Plataforma Tray para e-commerce:<\/strong> A <strong>Ag\u00eancia BW360<\/strong> est\u00e1 100% focada em <strong>entregar servi\u00e7os e produtos de qualidade<\/strong>, e que far\u00e3o a <strong>diferen\u00e7a nas vendas e neg\u00f3cios dos nossos clientes<\/strong>.<br \/>\u00a0\u00a0\u00a0 Com a nossa expertise na implanta\u00e7\u00e3o e <a href=\"https:\/\/bw360.com.br\/agencia\/suporte-commerce\/\">suporte de e-commerce<\/a>, sabemos que a principal estrutura para um e-commerce de sucesso, \u00e9 a escolha da melhor plataforma.<br \/>\u00a0\u00a0\u00a0 Uma plataforma de sucesso oferece fun\u00e7\u00f5es e recursos que destacar\u00e3o suas empresa da concorr\u00eancia.<\/span><\/p>\t\t\t\t\t\t\t\t<\/div>\n\t\t\t\t<\/div>\n\t\t\t\t\t<\/div>\n\t\t<\/div>\n\t\t\t\t<div class=\"elementor-column elementor-col-50 elementor-inner-column elementor-element elementor-element-36ea761\" data-id=\"36ea761\" data-element_type=\"column\" data-e-type=\"column\">\n\t\t\t<div class=\"elementor-widget-wrap elementor-element-populated\">\n\t\t\t\t\t\t<div class=\"elementor-element elementor-element-1a44190 elementor-widget elementor-widget-image\" data-id=\"1a44190\" data-element_type=\"widget\" data-e-type=\"widget\" data-widget_type=\"image.default\">\n\t\t\t\t<div class=\"elementor-widget-container\">\n\t\t\t\t\t\t\t\t\t\t\t\t\t\t\t<img decoding=\"async\" src=\"https:\/\/i.bw360.com.br\/compra-de-produtos-online.jpg\" title=\"\" alt=\"tray: Plataforma de compras de produtos on-line\" loading=\"lazy\" \/>\t\t\t\t\t\t\t\t\t\t\t\t\t\t\t<\/div>\n\t\t\t\t<\/div>\n\t\t\t\t\t<\/div>\n\t\t<\/div>\n\t\t\t\t\t<\/div>\n\t\t<\/section>\n\t\t\t\t<div class=\"elementor-element elementor-element-c279f38 elementor-widget elementor-widget-jet-headline\" data-id=\"c279f38\" data-element_type=\"widget\" data-e-type=\"widget\" data-widget_type=\"jet-headline.default\">\n\t\t\t\t<div class=\"elementor-widget-container\">\n\t\t\t\t\t<h2 class=\"jet-headline jet-headline--direction-horizontal\"><span class=\"jet-headline__part jet-headline__first\"><span class=\"jet-headline__label\">Recursos da Plataforma<\/span><\/span><span class=\"jet-headline__space\">&nbsp;<\/span><span class=\"jet-headline__part jet-headline__second\"><span class=\"jet-headline__label\">Tray Commerce<\/span><\/span><\/h2>\t\t\t\t<\/div>\n\t\t\t\t<\/div>\n\t\t\t\t<section class=\"elementor-section elementor-inner-section elementor-element elementor-element-282f55f elementor-reverse-tablet elementor-reverse-mobile elementor-section-boxed elementor-section-height-default elementor-section-height-default\" data-id=\"282f55f\" data-element_type=\"section\" data-e-type=\"section\" data-settings=\"{&quot;background_background&quot;:&quot;classic&quot;,&quot;jet_parallax_layout_list&quot;:[]}\">\n\t\t\t\t\t\t<div class=\"elementor-container elementor-column-gap-default\">\n\t\t\t\t\t<div class=\"elementor-column elementor-col-50 elementor-inner-column elementor-element elementor-element-7d54011\" data-id=\"7d54011\" data-element_type=\"column\" data-e-type=\"column\">\n\t\t\t<div class=\"elementor-widget-wrap elementor-element-populated\">\n\t\t\t\t\t\t<div class=\"elementor-element elementor-element-016e6e1 elementor-widget elementor-widget-image\" data-id=\"016e6e1\" data-element_type=\"widget\" data-e-type=\"widget\" data-widget_type=\"image.default\">\n\t\t\t\t<div class=\"elementor-widget-container\">\n\t\t\t\t\t\t\t\t\t\t\t\t\t\t\t<img decoding=\"async\" src=\"https:\/\/i.bw360.com.br\/logistica-para-ecommerce.jpg\" title=\"\" alt=\"tray: Log\u00edstica para e-commerce\" loading=\"lazy\" \/>\t\t\t\t\t\t\t\t\t\t\t\t\t\t\t<\/div>\n\t\t\t\t<\/div>\n\t\t\t\t\t<\/div>\n\t\t<\/div>\n\t\t\t\t<div class=\"elementor-column elementor-col-50 elementor-inner-column elementor-element elementor-element-7a7eeda\" data-id=\"7a7eeda\" data-element_type=\"column\" data-e-type=\"column\">\n\t\t\t<div class=\"elementor-widget-wrap elementor-element-populated\">\n\t\t\t\t\t\t<div class=\"elementor-element elementor-element-608f5fa elementor-widget elementor-widget-text-editor\" data-id=\"608f5fa\" data-element_type=\"widget\" data-e-type=\"widget\" data-widget_type=\"text-editor.default\">\n\t\t\t\t<div class=\"elementor-widget-container\">\n\t\t\t\t\t\t\t\t\t<ul><li><a href=\"https:\/\/bw360.com.br\/agencia\/facebook-e-instagram-ads\/\">Integra\u00e7\u00e3o com redes sociais;<\/a><\/li><li>Layout responsivo para celulares;<\/li><li>Integra\u00e7\u00e3o com ERPs nativos e via API;<\/li><li>Gest\u00e3o de cupons de desconto;<\/li><li>Banners rotativos para campanhas de marketing;<\/li><li>Envio de mensagem via whatsapp para carrinhos abandonados;<\/li><li>URL amig\u00e1vel;<\/li><li>Clique no link para conhecer <a href=\"https:\/\/bw360.com.br\/agencia\/blog\/tray-e-commerce\/\">outros recursos oferecidos pela plataforma tray.<\/a><\/li><\/ul>\t\t\t\t\t\t\t\t<\/div>\n\t\t\t\t<\/div>\n\t\t\t\t\t<\/div>\n\t\t<\/div>\n\t\t\t\t\t<\/div>\n\t\t<\/section>\n\t\t\t\t<section class=\"elementor-section elementor-inner-section elementor-element elementor-element-0d966b6 elementor-reverse-tablet elementor-reverse-mobile elementor-section-boxed elementor-section-height-default elementor-section-height-default\" data-id=\"0d966b6\" data-element_type=\"section\" data-e-type=\"section\" data-settings=\"{&quot;jet_parallax_layout_list&quot;:[]}\">\n\t\t\t\t\t\t<div class=\"elementor-container elementor-column-gap-default\">\n\t\t\t\t\t<div class=\"elementor-column elementor-col-50 elementor-inner-column elementor-element elementor-element-5215d13\" data-id=\"5215d13\" data-element_type=\"column\" data-e-type=\"column\">\n\t\t\t<div class=\"elementor-widget-wrap elementor-element-populated\">\n\t\t\t\t\t\t<div class=\"elementor-element elementor-element-01c19b0 elementor-widget elementor-widget-text-editor\" data-id=\"01c19b0\" data-element_type=\"widget\" data-e-type=\"widget\" data-widget_type=\"text-editor.default\">\n\t\t\t\t<div class=\"elementor-widget-container\">\n\t\t\t\t\t\t\t\t\t<p>A Ag\u00eancia BW360 \u00e9 uma ag\u00eancia certificada e parceira da plataforma Tray ecommerce. Por acreditarmos que um parceiro da BW360 tem que compartilhar da nossa filosofia de trabalho, que \u00e9 sempre oferecer o melhor atendimento e produto aos nossos clientes, atualmente trabalhamos exclusivamente com a <a href=\"https:\/\/bw360.com.br\/agencia\/criacao-de-lojas-virtuais-tray\/\">plataforma Tray ecommmce<\/a>.<\/p>\t\t\t\t\t\t\t\t<\/div>\n\t\t\t\t<\/div>\n\t\t\t\t\t<\/div>\n\t\t<\/div>\n\t\t\t\t<div class=\"elementor-column elementor-col-50 elementor-inner-column elementor-element elementor-element-88b80fe\" data-id=\"88b80fe\" data-element_type=\"column\" data-e-type=\"column\">\n\t\t\t<div class=\"elementor-widget-wrap elementor-element-populated\">\n\t\t\t\t\t\t<div class=\"elementor-element elementor-element-f0569eb elementor-widget elementor-widget-image\" data-id=\"f0569eb\" data-element_type=\"widget\" data-e-type=\"widget\" data-widget_type=\"image.default\">\n\t\t\t\t<div class=\"elementor-widget-container\">\n\t\t\t\t\t\t\t\t\t\t\t\t\t\t\t<img decoding=\"async\" src=\"https:\/\/i.bw360.com.br\/unboxing.jpg\" title=\"\" alt=\"tray: Recebendo produtos de compras online\" loading=\"lazy\" \/>\t\t\t\t\t\t\t\t\t\t\t\t\t\t\t<\/div>\n\t\t\t\t<\/div>\n\t\t\t\t\t<\/div>\n\t\t<\/div>\n\t\t\t\t\t<\/div>\n\t\t<\/section>\n\t\t\t\t\t<\/div>\n\t\t<\/div>\n\t\t\t\t\t<\/div>\n\t\t<\/section>\n\t\t\t\t<\/div>\n\t\t","protected":false},"excerpt":{"rendered":"<p>plataforma tray commerce Fale com um especialista Tray&nbsp;Plataforma para e-commerce Plataforma Tray para e-commerce: A Ag\u00eancia BW360 est\u00e1 100% focada em entregar servi\u00e7os e produtos de qualidade, e que far\u00e3o a diferen\u00e7a nas vendas e neg\u00f3cios dos nossos clientes.\u00a0\u00a0\u00a0 Com a nossa expertise na implanta\u00e7\u00e3o e suporte de e-commerce, sabemos que a principal estrutura para [&hellip;]<\/p>\n","protected":false},"author":3,"featured_media":1868,"parent":0,"menu_order":0,"comment_status":"closed","ping_status":"closed","template":"elementor_header_footer","meta":{"_seopress_robots_primary_cat":"","_seopress_titles_title":"","_seopress_titles_desc":"A plataforma Tray Commerce \u00e9 a solu\u00e7\u00e3o ideal para quem quer vender online com qualidade e seguran\u00e7a. Conhe\u00e7a os benef\u00edcios de usar a Tray Commerce e comece j\u00e1.","_seopress_robots_index":"","footnotes":""},"class_list":["post-851","page","type-page","status-publish","has-post-thumbnail","hentry","entry","has-media"],"_links":{"self":[{"href":"https:\/\/bw360.com.br\/agencia\/wp-json\/wp\/v2\/pages\/851","targetHints":{"allow":["GET"]}}],"collection":[{"href":"https:\/\/bw360.com.br\/agencia\/wp-json\/wp\/v2\/pages"}],"about":[{"href":"https:\/\/bw360.com.br\/agencia\/wp-json\/wp\/v2\/types\/page"}],"author":[{"embeddable":true,"href":"https:\/\/bw360.com.br\/agencia\/wp-json\/wp\/v2\/users\/3"}],"replies":[{"embeddable":true,"href":"https:\/\/bw360.com.br\/agencia\/wp-json\/wp\/v2\/comments?post=851"}],"version-history":[{"count":0,"href":"https:\/\/bw360.com.br\/agencia\/wp-json\/wp\/v2\/pages\/851\/revisions"}],"wp:featuredmedia":[{"embeddable":true,"href":"https:\/\/bw360.com.br\/agencia\/wp-json\/wp\/v2\/media\/1868"}],"wp:attachment":[{"href":"https:\/\/bw360.com.br\/agencia\/wp-json\/wp\/v2\/media?parent=851"}],"curies":[{"name":"wp","href":"https:\/\/api.w.org\/{rel}","templated":true}]}}